{"id":201,"date":"2017-08-17T19:39:30","date_gmt":"2017-08-17T19:39:30","guid":{"rendered":"https:\/\/newnorth.fuelthemes.net\/north-furniture\/?page_id=201"},"modified":"2022-03-25T01:44:59","modified_gmt":"2022-03-24T23:44:59","slug":"home","status":"publish","type":"page","link":"https:\/\/eneandeco.com\/en\/","title":{"rendered":"E\u00d1E and ECO"},"content":{"rendered":"<div data-midnight=\"dark-title\" class=\"row wpb_row row-fluid no-padding full-width-row vc_custom_1606828661953 row-has-fill row-o-full-height row-o-columns-bottom row-flex\"><div class=\"wpb_column columns medium-12 thb-dark-column small-12\"><div class=\"vc_column-inner\"><div class=\"wpb_wrapper\"><div class=\"row wpb_row vc_inner row-fluid\"><div class=\"wpb_column columns medium-3 thb-dark-column small-12\"><div class=\"vc_column-inner\"><div class=\"wpb_wrapper\"><\/div><\/div><\/div><div class=\"wpb_column columns medium-6 thb-dark-column small-12\"><div class=\"vc_column-inner\"><div class=\"wpb_wrapper\">\n\t<div  class=\"wpb_single_image wpb_content_element vc_align_center\">\n\t\t\n\t\t<figure class=\"wpb_wrapper vc_figure\">\n\t\t\t<div class=\"vc_single_image-wrapper   vc_box_border_grey\"><img width=\"1280\" height=\"720\" src=\"https:\/\/eneandeco.com\/wp-content\/uploads\/2022\/01\/New_collection_transparente.png\" class=\"vc_single_image-img attachment-full\" alt=\"new collection p\/v2022\" loading=\"lazy\" srcset=\"https:\/\/eneandeco.com\/wp-content\/uploads\/2022\/01\/New_collection_transparente.png 1280w, https:\/\/eneandeco.com\/wp-content\/uploads\/2022\/01\/New_collection_transparente-300x169.png 300w, https:\/\/eneandeco.com\/wp-content\/uploads\/2022\/01\/New_collection_transparente-1024x576.png 1024w, https:\/\/eneandeco.com\/wp-content\/uploads\/2022\/01\/New_collection_transparente-150x84.png 150w, https:\/\/eneandeco.com\/wp-content\/uploads\/2022\/01\/New_collection_transparente-768x432.png 768w, https:\/\/eneandeco.com\/wp-content\/uploads\/2022\/01\/New_collection_transparente-18x10.png 18w, https:\/\/eneandeco.com\/wp-content\/uploads\/2022\/01\/New_collection_transparente-430x242.png 430w, https:\/\/eneandeco.com\/wp-content\/uploads\/2022\/01\/New_collection_transparente-860x484.png 860w\" sizes=\"(max-width: 1280px) 100vw, 1280px\" \/><\/div>\n\t\t<\/figure>\n\t<\/div>\n<div class=\"vc_empty_space\"   style=\"height: 45px\"><span class=\"vc_empty_space_inner\"><\/span><\/div><\/div><\/div><\/div><div class=\"wpb_column columns medium-3 thb-dark-column small-12\"><div class=\"vc_column-inner\"><div class=\"wpb_wrapper\"><\/div><\/div><\/div><\/div><div class=\"row wpb_row vc_inner row-fluid\"><div class=\"wpb_column columns medium-4 thb-dark-column small-12\"><div class=\"vc_column-inner\"><div class=\"wpb_wrapper\"><\/div><\/div><\/div><div class=\"wpb_column columns medium-4 thb-dark-column small-12\"><div class=\"vc_column-inner\"><div class=\"wpb_wrapper\">\t<a class=\"btn  full white animation fade-in large\" href=\"https:\/\/eneandeco.com\/en\/shop\/\" target=\"_blank\" role=\"button\" title=\"DISCOVER THE COLLECTION\"><span>DISCOVER THE COLLECTION<\/span><\/a>\n\n\t<div class=\"vc_empty_space\"   style=\"height: 80px\"><span class=\"vc_empty_space_inner\"><\/span><\/div><\/div><\/div><\/div><div class=\"wpb_column columns medium-4 thb-dark-column small-12\"><div class=\"vc_column-inner\"><div class=\"wpb_wrapper\"><\/div><\/div><\/div><\/div><\/div><\/div><\/div><\/div><div data-midnight=\"dark-title\" class=\"row wpb_row row-fluid no-padding full-width-row\"><div class=\"wpb_column columns medium-12 thb-dark-column small-12\"><div class=\"vc_column-inner\"><div class=\"wpb_wrapper\">\n\t<ul class=\"row products  style2 mini-padding\" data-columns=\"3\" data-navigation=\"true\">\n\t\t<li class=\"small-12 medium-4 columns product-category-style3 product-category product first\">\n\t<a href=\"https:\/\/eneandeco.com\/en\/product-category\/vestidos\/\" style=\"background-image:url(https:\/\/eneandeco.com\/wp-content\/uploads\/2020\/05\/aldo_martins_8216_8243_spring_summer_2022.jpg )\" class=\"thb-category-link\"><span class=\"prdctfltr_cat_support\" style=\"display:none!important;\" data-slug=\"vestidos\"><\/span><div><\/div><\/li>\n<li class=\"small-12 medium-4 columns product-category-style3 product-category product\">\n\t<a href=\"https:\/\/eneandeco.com\/en\/product-category\/chaquetas\/\" style=\"background-image:url(https:\/\/eneandeco.com\/wp-content\/uploads\/2022\/01\/aldo_martins_8200_spring_summer_2022.jpg )\" class=\"thb-category-link\"><span class=\"prdctfltr_cat_support\" style=\"display:none!important;\" data-slug=\"chaquetas\"><\/span><div><\/div><\/li>\n<li class=\"small-12 medium-4 columns product-category-style3 product-category product\">\n\t<a href=\"https:\/\/eneandeco.com\/en\/product-category\/coleccion-eventos\/\" style=\"background-image:url(https:\/\/eneandeco.com\/wp-content\/uploads\/2020\/05\/221217_6_c0e1_details.jpg )\" class=\"thb-category-link\"><span class=\"prdctfltr_cat_support\" style=\"display:none!important;\" data-slug=\"coleccion-eventos\"><\/span><div><\/div><\/li>\n\t<\/ul>\n\n\t<\/div><\/div><\/div><\/div><div data-midnight=\"dark-title\" class=\"row wpb_row row-fluid full-width-row vc_custom_1590932903922 row-has-fill\"><div class=\"wpb_column columns medium-12 thb-dark-column small-12\"><div class=\"vc_column-inner\"><div class=\"wpb_wrapper\"><div class=\"row wpb_row vc_inner row-fluid\"><div class=\"text-center wpb_column columns medium-12 thb-dark-column small-12\"><div class=\"vc_column-inner\"><div class=\"wpb_wrapper\">\n\t<div class=\"wpb_text_column wpb_content_element\">\n\t\t<div class=\"wpb_wrapper\">\n\t\t\t<h2>DO NOT MISS IT!<\/h2>\n<p style=\"text-align: left;\">Discover the fashion that most favors with a Spanish label.<\/p>\n\n\t\t<\/div>\n\t<\/div>\n<\/div><\/div><\/div><\/div><div class=\"vc_empty_space\"   style=\"height: 20px\"><span class=\"vc_empty_space_inner\"><\/span><\/div><div class=\"vc_empty_space\"   style=\"height: 20px\"><span class=\"vc_empty_space_inner\"><\/span><\/div><\/div><\/div><\/div><\/div><div data-vc-parallax=\"1.5\" data-midnight=\"dark-title\" class=\"row wpb_row row-fluid no-padding full-width-row vc_custom_1593427633473 row-has-fill vc_general vc_parallax vc_parallax-content-moving\"><div class=\"wpb_column columns medium-12 thb-dark-column small-12\"><div class=\"vc_column-inner\"><div class=\"wpb_wrapper\"><div class=\"row wpb_row vc_inner row-fluid\"><div class=\"text-center wpb_column columns medium-12 thb-dark-column small-12\"><div class=\"vc_column-inner\"><div class=\"wpb_wrapper\"><div class=\"vc_empty_space\"   style=\"height: 100px\"><span class=\"vc_empty_space_inner\"><\/span><\/div>\n\t<div class=\"wpb_text_column wpb_content_element\">\n\t\t<div class=\"wpb_wrapper\">\n\t\t\t<p style=\"text-align: center;\"><span style=\"color: #ffffff;\">Discover our most sophisticated styles for the most special occasions.<\/span><\/p>\n\n\t\t<\/div>\n\t<\/div>\n<div class=\"vc_empty_space\"   style=\"height: 2px\"><span class=\"vc_empty_space_inner\"><\/span><\/div>\t<a class=\"btn border-fill   animation fade-in medium\" href=\"\/en\/product-category\/coleccion-eventos\/\" target=\"_blank\" role=\"button\" title=\"DISCOVER THE COLLECTION\"><span>DISCOVER THE COLLECTION<\/span><\/a>\n\n\t<\/div><\/div><\/div><\/div><\/div><\/div><\/div><\/div><div data-midnight=\"dark-title\" class=\"row wpb_row row-fluid align-center vc_custom_1559841306846\"><div class=\"text-center wpb_column columns medium-12 large-8 medium-10 thb-dark-column small-12\"><div class=\"vc_column-inner vc_custom_1560336700280\"><div class=\"wpb_wrapper\">\n\t<div class=\"wpb_text_column wpb_content_element\">\n\t\t<div class=\"wpb_wrapper\">\n\t\t\t<h6>A UNIQUE CONCEPT OF UNDERSTANDING LIFE<\/h6>\n\n\t\t<\/div>\n\t<\/div>\n<div class=\"vc_empty_space\"   style=\"height: 40px\"><span class=\"vc_empty_space_inner\"><\/span><\/div>\n\t<div class=\"wpb_text_column wpb_content_element\">\n\t\t<div class=\"wpb_wrapper\">\n\t\t\t<p><span style=\"color: #4c4c4c; font-size: 20px;\">E\u00f1e And Eco is born from the illusion, passion, effort and the desire for a great change. A concept store in which we preserve the passion for what is beautiful, what is well made and what is different, but with the aim of finding the creations of the most interesting designers in Spain and making them accessible to everyone through a brand that combines the commitment to offer you a different concept of life and committed to the environment, betting on environmentally friendly creations.<\/span><\/p>\n\n\t\t<\/div>\n\t<\/div>\n<div class=\"vc_empty_space\"   style=\"height: 40px\"><span class=\"vc_empty_space_inner\"><\/span><\/div><\/div><\/div><\/div><\/div><div data-midnight=\"dark-title\" class=\"row wpb_row row-fluid no-padding full-width-row\"><div class=\"wpb_column columns medium-12 thb-dark-column small-12\"><div class=\"vc_column-inner\"><div class=\"wpb_wrapper\">\t<div id=\"thb-client-logos-69e1b5915b565\" class=\"thb-client-row\">\n\t\t<div class=\"row \t\t\t\t\tno-padding style1\" data-columns=\"4\" data-autoplay=\"\" data-autoplay-speed=\"4000\" data-pagination=\"true\">\n\t\t\t\t\t<\/div>\n\t<\/div>\n\t<\/div><\/div><\/div><\/div>","protected":false},"excerpt":{"rendered":"DESCUBRIR LA COLECCI\u00d3N \u00a1NO TE LO PIERDAS! Descubre la moda que m\u00e1s favorece con sello espa\u00f1ol. Descubre nuestros estilos m\u00e1s sofisticados para las ocasiones m\u00e1s&hellip;","protected":false},"author":1,"featured_media":2446,"parent":0,"menu_order":0,"comment_status":"closed","ping_status":"closed","template":"","meta":{"spay_email":""},"_links":{"self":[{"href":"https:\/\/eneandeco.com\/en\/wp-json\/wp\/v2\/pages\/201"}],"collection":[{"href":"https:\/\/eneandeco.com\/en\/wp-json\/wp\/v2\/pages"}],"about":[{"href":"https:\/\/eneandeco.com\/en\/wp-json\/wp\/v2\/types\/page"}],"author":[{"embeddable":true,"href":"https:\/\/eneandeco.com\/en\/wp-json\/wp\/v2\/users\/1"}],"replies":[{"embeddable":true,"href":"https:\/\/eneandeco.com\/en\/wp-json\/wp\/v2\/comments?post=201"}],"version-history":[{"count":98,"href":"https:\/\/eneandeco.com\/en\/wp-json\/wp\/v2\/pages\/201\/revisions"}],"predecessor-version":[{"id":6315,"href":"https:\/\/eneandeco.com\/en\/wp-json\/wp\/v2\/pages\/201\/revisions\/6315"}],"wp:featuredmedia":[{"embeddable":true,"href":"https:\/\/eneandeco.com\/en\/wp-json\/wp\/v2\/media\/2446"}],"wp:attachment":[{"href":"https:\/\/eneandeco.com\/en\/wp-json\/wp\/v2\/media?parent=201"}],"curies":[{"name":"wp","href":"https:\/\/api.w.org\/{rel}","templated":true}]}}