{"id":5012,"date":"2021-10-06T17:49:55","date_gmt":"2021-10-06T15:49:55","guid":{"rendered":"https:\/\/eneandeco.com\/?post_type=product&#038;p=5012"},"modified":"2022-02-17T13:09:51","modified_gmt":"2022-02-17T11:09:51","slug":"pantalon-ams-rayas","status":"publish","type":"product","link":"https:\/\/eneandeco.com\/en\/product\/pantalon-ams-rayas\/","title":{"rendered":"PANTALON AMS RAYAS"},"content":{"rendered":"","protected":false},"excerpt":{"rendered":"<p>Pantal\u00f3n largo rojo deportivo con cinturilla el\u00e1stica y bolsillo a ambos lados, lleva detalle de rayas negras en los laterales, su composici\u00f3n es 10% cachemir 52% algod\u00f3n y 18% viscosa; Disponemos del jersey a juego<\/p>","protected":false},"featured_media":5013,"template":"","meta":{"spay_email":""},"product_cat":[222,226,158,223],"product_tag":[],"_links":{"self":[{"href":"https:\/\/eneandeco.com\/en\/wp-json\/wp\/v2\/product\/5012"}],"collection":[{"href":"https:\/\/eneandeco.com\/en\/wp-json\/wp\/v2\/product"}],"about":[{"href":"https:\/\/eneandeco.com\/en\/wp-json\/wp\/v2\/types\/product"}],"wp:featuredmedia":[{"embeddable":true,"href":"https:\/\/eneandeco.com\/en\/wp-json\/wp\/v2\/media\/5013"}],"wp:attachment":[{"href":"https:\/\/eneandeco.com\/en\/wp-json\/wp\/v2\/media?parent=5012"}],"wp:term":[{"taxonomy":"product_cat","embeddable":true,"href":"https:\/\/eneandeco.com\/en\/wp-json\/wp\/v2\/product_cat?post=5012"},{"taxonomy":"product_tag","embeddable":true,"href":"https:\/\/eneandeco.com\/en\/wp-json\/wp\/v2\/product_tag?post=5012"}],"curies":[{"name":"wp","href":"https:\/\/api.w.org\/{rel}","templated":true}]}}