{"id":5194,"date":"2021-11-19T19:51:42","date_gmt":"2021-11-19T17:51:42","guid":{"rendered":"https:\/\/eneandeco.com\/?post_type=product&#038;p=5194"},"modified":"2021-11-22T21:02:29","modified_gmt":"2021-11-22T19:02:29","slug":"miss-petite-safari","status":"publish","type":"product","link":"https:\/\/eneandeco.com\/en\/product\/miss-petite-safari\/","title":{"rendered":"MISS PETITE SAFARI"},"content":{"rendered":"","protected":false},"excerpt":{"rendered":"<p>La Petite Miss es la versi\u00f3n m\u00e1s peque\u00f1a de la ic\u00f3nica Miss Bag enriquecida con detalles de lujo: un perf\u00edl refinado, un bolsillo interior, un cierre con cremallera y un dise\u00f1o tachonado. Un dise\u00f1o \u00fanico y registrado a nivel mundial. La cinta puede ser personalizada con amuletos, s\u00edmbolos\u00a0y letras.<\/p>\n<div class=\"info-holder\">\n<div class=\"block\">\n<dl>\n<dt>MEDIDA: 260x230x130 mm<\/dt>\n<dt>POLY-FABRIC WITH LYCRA \u00ae<\/dt>\n<dt>\n<div class=\"info-holder\">\n<div class=\"block\">\n<dl>\n<dt>PESO: 210 gr.<\/dt>\n<\/dl>\n<\/div>\n<\/div>\n<div class=\"info-holder1\">\n<div class=\"column\">\n<div class=\"row1\">\n<div class=\"pull-left alignleft\">\n<div class=\"row1\">\n<div class=\"pull-left alignleft\"><img src=\"https:\/\/cdn.shopify.com\/s\/files\/1\/0038\/6193\/8225\/files\/ico-kg_icon.png?v=1565371532\" alt=\"\" \/>Ligera<\/div>\n<\/div>\n<div class=\"row1\">\n<div class=\"pull-left alignleft\"><img src=\"https:\/\/cdn.shopify.com\/s\/files\/1\/0038\/6193\/8225\/files\/ico-washer_icon.png?v=1565371754\" alt=\"\" \/>Lavar a mano<\/div>\n<\/div>\n<div class=\"row1\">\n<div class=\"pull-left alignleft\"><img src=\"https:\/\/cdn.shopify.com\/s\/files\/1\/0038\/6193\/8225\/files\/ico-umbrella_icon.png?v=1565371568\" alt=\"\" \/>Impermeable<\/div>\n<\/div>\n<\/div>\n<\/div>\n<\/div>\n<\/div>\n<\/dt>\n<\/dl>\n<\/div>\n<\/div>","protected":false},"featured_media":5301,"template":"","meta":{"spay_email":""},"product_cat":[222,323],"product_tag":[270],"_links":{"self":[{"href":"https:\/\/eneandeco.com\/en\/wp-json\/wp\/v2\/product\/5194"}],"collection":[{"href":"https:\/\/eneandeco.com\/en\/wp-json\/wp\/v2\/product"}],"about":[{"href":"https:\/\/eneandeco.com\/en\/wp-json\/wp\/v2\/types\/product"}],"wp:featuredmedia":[{"embeddable":true,"href":"https:\/\/eneandeco.com\/en\/wp-json\/wp\/v2\/media\/5301"}],"wp:attachment":[{"href":"https:\/\/eneandeco.com\/en\/wp-json\/wp\/v2\/media?parent=5194"}],"wp:term":[{"taxonomy":"product_cat","embeddable":true,"href":"https:\/\/eneandeco.com\/en\/wp-json\/wp\/v2\/product_cat?post=5194"},{"taxonomy":"product_tag","embeddable":true,"href":"https:\/\/eneandeco.com\/en\/wp-json\/wp\/v2\/product_tag?post=5194"}],"curies":[{"name":"wp","href":"https:\/\/api.w.org\/{rel}","templated":true}]}}