{"id":5472,"date":"2021-12-13T20:51:47","date_gmt":"2021-12-13T18:51:47","guid":{"rendered":"https:\/\/eneandeco.com\/?post_type=product&#038;p=5472"},"modified":"2021-12-13T20:54:25","modified_gmt":"2021-12-13T18:54:25","slug":"pantalon-ene","status":"publish","type":"product","link":"https:\/\/eneandeco.com\/en\/product\/pantalon-ene\/","title":{"rendered":"PANTALON E\u00d1E"},"content":{"rendered":"","protected":false},"excerpt":{"rendered":"<p>Pantal\u00f3n negro de traje entallado con pata ancha, dos texturas de tejido que destaca en una l\u00ednea\u00a0 ancha lateral en ambos lados<\/p>","protected":false},"featured_media":5475,"template":"","meta":{"spay_email":""},"product_cat":[249,222,226,158],"product_tag":[270,312,329,182,299],"_links":{"self":[{"href":"https:\/\/eneandeco.com\/en\/wp-json\/wp\/v2\/product\/5472"}],"collection":[{"href":"https:\/\/eneandeco.com\/en\/wp-json\/wp\/v2\/product"}],"about":[{"href":"https:\/\/eneandeco.com\/en\/wp-json\/wp\/v2\/types\/product"}],"wp:featuredmedia":[{"embeddable":true,"href":"https:\/\/eneandeco.com\/en\/wp-json\/wp\/v2\/media\/5475"}],"wp:attachment":[{"href":"https:\/\/eneandeco.com\/en\/wp-json\/wp\/v2\/media?parent=5472"}],"wp:term":[{"taxonomy":"product_cat","embeddable":true,"href":"https:\/\/eneandeco.com\/en\/wp-json\/wp\/v2\/product_cat?post=5472"},{"taxonomy":"product_tag","embeddable":true,"href":"https:\/\/eneandeco.com\/en\/wp-json\/wp\/v2\/product_tag?post=5472"}],"curies":[{"name":"wp","href":"https:\/\/api.w.org\/{rel}","templated":true}]}}