{"id":5492,"date":"2021-12-14T19:22:48","date_gmt":"2021-12-14T17:22:48","guid":{"rendered":"https:\/\/eneandeco.com\/?post_type=product&#038;p=5492"},"modified":"2022-03-05T21:03:17","modified_gmt":"2022-03-05T19:03:17","slug":"miss-pluss-tie-dye","status":"publish","type":"product","link":"https:\/\/eneandeco.com\/en\/product\/miss-pluss-tie-dye\/","title":{"rendered":"MISS PLUSS TIE DYE"},"content":{"rendered":"","protected":false},"excerpt":{"rendered":"<p>Miss Plus es la evoluci\u00f3n del icono bolso Miss con un pr\u00e1ctico cierre de cremallera. Miss Plus est\u00e1 dise\u00f1ado para optimizar el espacio y la organizaci\u00f3n de sus accesorios. Est\u00e1 enriquecido con un lazo que se puede personalizar con la aplicaci\u00f3n de amuletos, s\u00edmbolos y letras.<\/p>\n<p>Cada bolso est\u00e1 hecho a mano desde el corte hasta el cosido y cada producto tiene un estampado \u00fanico e irrepetible 360x290x180 mil\u00edmetro POLI-TEJIDO CON LICRA<\/p>","protected":false},"featured_media":5493,"template":"","meta":{"spay_email":""},"product_cat":[222,323],"product_tag":[273,211,212,270,309,181,274],"_links":{"self":[{"href":"https:\/\/eneandeco.com\/en\/wp-json\/wp\/v2\/product\/5492"}],"collection":[{"href":"https:\/\/eneandeco.com\/en\/wp-json\/wp\/v2\/product"}],"about":[{"href":"https:\/\/eneandeco.com\/en\/wp-json\/wp\/v2\/types\/product"}],"wp:featuredmedia":[{"embeddable":true,"href":"https:\/\/eneandeco.com\/en\/wp-json\/wp\/v2\/media\/5493"}],"wp:attachment":[{"href":"https:\/\/eneandeco.com\/en\/wp-json\/wp\/v2\/media?parent=5492"}],"wp:term":[{"taxonomy":"product_cat","embeddable":true,"href":"https:\/\/eneandeco.com\/en\/wp-json\/wp\/v2\/product_cat?post=5492"},{"taxonomy":"product_tag","embeddable":true,"href":"https:\/\/eneandeco.com\/en\/wp-json\/wp\/v2\/product_tag?post=5492"}],"curies":[{"name":"wp","href":"https:\/\/api.w.org\/{rel}","templated":true}]}}