{"id":5881,"date":"2022-03-14T21:00:15","date_gmt":"2022-03-14T19:00:15","guid":{"rendered":"https:\/\/eneandeco.com\/?post_type=product&#038;p=5881"},"modified":"2022-03-21T23:59:44","modified_gmt":"2022-03-21T21:59:44","slug":"sudadera-paprika","status":"publish","type":"product","link":"https:\/\/eneandeco.com\/en\/product\/sudadera-paprika\/","title":{"rendered":"PAPRIKA SWEATSHIRT"},"content":{"rendered":"","protected":false},"excerpt":{"rendered":"<p>Sudadera estampada de punto abierta con cierre de botones y capucha 35% algod\u00f3n 24% poli\u00e9ster 21% viscosa 11% poliamida 9% bamb\u00fa.<\/p>\n<p>&nbsp;<\/p>\n<p><em>If you&#039;d like personalized advice, we invite you to stop by our store or contact us via WhatsApp at 622 93 76 20.\u00a0<\/em><\/p>","protected":false},"featured_media":5882,"template":"","meta":{"spay_email":""},"product_cat":[170,222,251,166],"product_tag":[276,273,212,347,354,270,312,186,309,356,310],"_links":{"self":[{"href":"https:\/\/eneandeco.com\/en\/wp-json\/wp\/v2\/product\/5881"}],"collection":[{"href":"https:\/\/eneandeco.com\/en\/wp-json\/wp\/v2\/product"}],"about":[{"href":"https:\/\/eneandeco.com\/en\/wp-json\/wp\/v2\/types\/product"}],"wp:featuredmedia":[{"embeddable":true,"href":"https:\/\/eneandeco.com\/en\/wp-json\/wp\/v2\/media\/5882"}],"wp:attachment":[{"href":"https:\/\/eneandeco.com\/en\/wp-json\/wp\/v2\/media?parent=5881"}],"wp:term":[{"taxonomy":"product_cat","embeddable":true,"href":"https:\/\/eneandeco.com\/en\/wp-json\/wp\/v2\/product_cat?post=5881"},{"taxonomy":"product_tag","embeddable":true,"href":"https:\/\/eneandeco.com\/en\/wp-json\/wp\/v2\/product_tag?post=5881"}],"curies":[{"name":"wp","href":"https:\/\/api.w.org\/{rel}","templated":true}]}}