{"id":5891,"date":"2022-03-15T18:32:14","date_gmt":"2022-03-15T16:32:14","guid":{"rendered":"https:\/\/eneandeco.com\/?post_type=product&#038;p=5891"},"modified":"2022-03-21T23:59:07","modified_gmt":"2022-03-21T21:59:07","slug":"sudadera-tabero-celes","status":"publish","type":"product","link":"https:\/\/eneandeco.com\/en\/product\/sudadera-tabero-celes\/","title":{"rendered":"SUDADERA TABERO CELES"},"content":{"rendered":"","protected":false},"excerpt":{"rendered":"<p>Sudadera de manga larga con cuello a la caja\u00a0 fabricada 50% algod\u00f3n org\u00e1nico 50% algod\u00f3n reciclado con letras en la parte trasera y etiqueta \u00abEcoalf\u00bb en la manga izquierda.<\/p>\n<p>&nbsp;<\/p>\n<p><em>If you&#039;d like personalized advice, we invite you to stop by our store or contact us via WhatsApp at 622 93 76 20.\u00a0<\/em><\/p>","protected":false},"featured_media":5892,"template":"","meta":{"spay_email":""},"product_cat":[208,222,268,251,315],"product_tag":[359,350,162,312,360],"_links":{"self":[{"href":"https:\/\/eneandeco.com\/en\/wp-json\/wp\/v2\/product\/5891"}],"collection":[{"href":"https:\/\/eneandeco.com\/en\/wp-json\/wp\/v2\/product"}],"about":[{"href":"https:\/\/eneandeco.com\/en\/wp-json\/wp\/v2\/types\/product"}],"wp:featuredmedia":[{"embeddable":true,"href":"https:\/\/eneandeco.com\/en\/wp-json\/wp\/v2\/media\/5892"}],"wp:attachment":[{"href":"https:\/\/eneandeco.com\/en\/wp-json\/wp\/v2\/media?parent=5891"}],"wp:term":[{"taxonomy":"product_cat","embeddable":true,"href":"https:\/\/eneandeco.com\/en\/wp-json\/wp\/v2\/product_cat?post=5891"},{"taxonomy":"product_tag","embeddable":true,"href":"https:\/\/eneandeco.com\/en\/wp-json\/wp\/v2\/product_tag?post=5891"}],"curies":[{"name":"wp","href":"https:\/\/api.w.org\/{rel}","templated":true}]}}