{"id":5896,"date":"2022-03-15T18:56:37","date_gmt":"2022-03-15T16:56:37","guid":{"rendered":"https:\/\/eneandeco.com\/?post_type=product&#038;p=5896"},"modified":"2022-03-21T23:57:18","modified_gmt":"2022-03-21T21:57:18","slug":"chaqueta-benial-marine","status":"publish","type":"product","link":"https:\/\/eneandeco.com\/en\/product\/chaqueta-benial-marine\/","title":{"rendered":"CHAQUETA BENIAL MARINE"},"content":{"rendered":"","protected":false},"excerpt":{"rendered":"<p>Chaqueta vegana libre de PFCs repelente al agua con capucha y cierre de cremallera\u00a0 70% Sorona\u00ae\u00a0 30% Poli\u00e9ster reciclado lleva Sorona\u00ae, Un tejido que proviene de residuos de la producci\u00f3n del ma\u00edz con el que se consigue disminuir el uso de materiales que provienen del petr\u00f3leo.<\/p>\n<p>&nbsp;<\/p>\n<p><em>If you&#039;d like personalized advice, we invite you to stop by our store or contact us via WhatsApp at 622 93 76 20.\u00a0<\/em><\/p>","protected":false},"featured_media":5897,"template":"","meta":{"spay_email":""},"product_cat":[156,164,208,222,268,166],"product_tag":[211,362,177,361,162,312],"_links":{"self":[{"href":"https:\/\/eneandeco.com\/en\/wp-json\/wp\/v2\/product\/5896"}],"collection":[{"href":"https:\/\/eneandeco.com\/en\/wp-json\/wp\/v2\/product"}],"about":[{"href":"https:\/\/eneandeco.com\/en\/wp-json\/wp\/v2\/types\/product"}],"wp:featuredmedia":[{"embeddable":true,"href":"https:\/\/eneandeco.com\/en\/wp-json\/wp\/v2\/media\/5897"}],"wp:attachment":[{"href":"https:\/\/eneandeco.com\/en\/wp-json\/wp\/v2\/media?parent=5896"}],"wp:term":[{"taxonomy":"product_cat","embeddable":true,"href":"https:\/\/eneandeco.com\/en\/wp-json\/wp\/v2\/product_cat?post=5896"},{"taxonomy":"product_tag","embeddable":true,"href":"https:\/\/eneandeco.com\/en\/wp-json\/wp\/v2\/product_tag?post=5896"}],"curies":[{"name":"wp","href":"https:\/\/api.w.org\/{rel}","templated":true}]}}