{"id":5910,"date":"2022-03-15T19:46:30","date_gmt":"2022-03-15T17:46:30","guid":{"rendered":"https:\/\/eneandeco.com\/?post_type=product&#038;p=5910"},"modified":"2022-03-21T23:56:26","modified_gmt":"2022-03-21T21:56:26","slug":"polo-marcos-eco","status":"publish","type":"product","link":"https:\/\/eneandeco.com\/en\/product\/polo-marcos-eco\/","title":{"rendered":"POLO MARCOS ECO"},"content":{"rendered":"","protected":false},"excerpt":{"rendered":"<p>Polo vegan de manga corta 65% algod\u00f3n org\u00e1nico 35% algod\u00f3n reciclado.<\/p>\n<p>&nbsp;<\/p>\n<p><em>If you&#039;d like personalized advice, we invite you to stop by our store or contact us via WhatsApp at 622 93 76 20.\u00a0<\/em><\/p>","protected":false},"featured_media":5911,"template":"","meta":{"spay_email":""},"product_cat":[208,222,366,268,166],"product_tag":[212,354,162,312,367],"_links":{"self":[{"href":"https:\/\/eneandeco.com\/en\/wp-json\/wp\/v2\/product\/5910"}],"collection":[{"href":"https:\/\/eneandeco.com\/en\/wp-json\/wp\/v2\/product"}],"about":[{"href":"https:\/\/eneandeco.com\/en\/wp-json\/wp\/v2\/types\/product"}],"wp:featuredmedia":[{"embeddable":true,"href":"https:\/\/eneandeco.com\/en\/wp-json\/wp\/v2\/media\/5911"}],"wp:attachment":[{"href":"https:\/\/eneandeco.com\/en\/wp-json\/wp\/v2\/media?parent=5910"}],"wp:term":[{"taxonomy":"product_cat","embeddable":true,"href":"https:\/\/eneandeco.com\/en\/wp-json\/wp\/v2\/product_cat?post=5910"},{"taxonomy":"product_tag","embeddable":true,"href":"https:\/\/eneandeco.com\/en\/wp-json\/wp\/v2\/product_tag?post=5910"}],"curies":[{"name":"wp","href":"https:\/\/api.w.org\/{rel}","templated":true}]}}