{"id":5946,"date":"2022-03-15T20:30:53","date_gmt":"2022-03-15T18:30:53","guid":{"rendered":"https:\/\/eneandeco.com\/?post_type=product&#038;p=5946"},"modified":"2022-03-21T23:53:26","modified_gmt":"2022-03-21T21:53:26","slug":"camiseta-rami-yellow","status":"publish","type":"product","link":"https:\/\/eneandeco.com\/en\/product\/camiseta-rami-yellow\/","title":{"rendered":"CAMISETA RAMI YELLOW"},"content":{"rendered":"","protected":false},"excerpt":{"rendered":"<p>Camiseta vegan de manga corta con cuello redondo compuesta 50% algod\u00f3n org\u00e1nico 50% algod\u00f3n reciclado, lleva texto \u00abBecause there is no planet B\u00bb en su parte delantera.<\/p>\n<p>&nbsp;<\/p>\n<p><em>If you&#039;d like personalized advice, we invite you to stop by our store or contact us via WhatsApp at 622 93 76 20.\u00a0<\/em><\/p>","protected":false},"featured_media":5947,"template":"","meta":{"spay_email":""},"product_cat":[252,208,222,268,166],"product_tag":[273,211,354,162,312,309],"_links":{"self":[{"href":"https:\/\/eneandeco.com\/en\/wp-json\/wp\/v2\/product\/5946"}],"collection":[{"href":"https:\/\/eneandeco.com\/en\/wp-json\/wp\/v2\/product"}],"about":[{"href":"https:\/\/eneandeco.com\/en\/wp-json\/wp\/v2\/types\/product"}],"wp:featuredmedia":[{"embeddable":true,"href":"https:\/\/eneandeco.com\/en\/wp-json\/wp\/v2\/media\/5947"}],"wp:attachment":[{"href":"https:\/\/eneandeco.com\/en\/wp-json\/wp\/v2\/media?parent=5946"}],"wp:term":[{"taxonomy":"product_cat","embeddable":true,"href":"https:\/\/eneandeco.com\/en\/wp-json\/wp\/v2\/product_cat?post=5946"},{"taxonomy":"product_tag","embeddable":true,"href":"https:\/\/eneandeco.com\/en\/wp-json\/wp\/v2\/product_tag?post=5946"}],"curies":[{"name":"wp","href":"https:\/\/api.w.org\/{rel}","templated":true}]}}