{"id":5952,"date":"2022-03-15T20:47:07","date_gmt":"2022-03-15T18:47:07","guid":{"rendered":"https:\/\/eneandeco.com\/?post_type=product&#038;p=5952"},"modified":"2022-03-21T23:52:44","modified_gmt":"2022-03-21T21:52:44","slug":"jersey-optimismo","status":"publish","type":"product","link":"https:\/\/eneandeco.com\/en\/product\/jersey-optimismo\/","title":{"rendered":"JERSEY OPTIMISMO"},"content":{"rendered":"","protected":false},"excerpt":{"rendered":"<p>Jersey vegan de manga larga con cuello de pico abotonado fabricado con fibras TENCEL\u2122 Lyocell, producidas de la madera de materia prima natural de origen sostenible, y por Algod\u00f3n org\u00e1nico y reciclado, estas prendas se ti\u00f1en de forma natural puesto habr\u00e1 un descenso de color a medida que se va lavando as\u00ed como la exposici\u00f3n directa de la luz solar.<\/p>\n<p>&nbsp;<\/p>\n<p><em>If you&#039;d like personalized advice, we invite you to stop by our store or contact us via WhatsApp at 622 93 76 20.\u00a0<\/em><\/p>","protected":false},"featured_media":5953,"template":"","meta":{"spay_email":""},"product_cat":[208,224,222,268,166],"product_tag":[359,368,354,162,312,345,367],"_links":{"self":[{"href":"https:\/\/eneandeco.com\/en\/wp-json\/wp\/v2\/product\/5952"}],"collection":[{"href":"https:\/\/eneandeco.com\/en\/wp-json\/wp\/v2\/product"}],"about":[{"href":"https:\/\/eneandeco.com\/en\/wp-json\/wp\/v2\/types\/product"}],"wp:featuredmedia":[{"embeddable":true,"href":"https:\/\/eneandeco.com\/en\/wp-json\/wp\/v2\/media\/5953"}],"wp:attachment":[{"href":"https:\/\/eneandeco.com\/en\/wp-json\/wp\/v2\/media?parent=5952"}],"wp:term":[{"taxonomy":"product_cat","embeddable":true,"href":"https:\/\/eneandeco.com\/en\/wp-json\/wp\/v2\/product_cat?post=5952"},{"taxonomy":"product_tag","embeddable":true,"href":"https:\/\/eneandeco.com\/en\/wp-json\/wp\/v2\/product_tag?post=5952"}],"curies":[{"name":"wp","href":"https:\/\/api.w.org\/{rel}","templated":true}]}}