{"id":5987,"date":"2022-03-16T19:37:05","date_gmt":"2022-03-16T17:37:05","guid":{"rendered":"https:\/\/eneandeco.com\/?post_type=product&#038;p=5987"},"modified":"2022-03-21T23:50:26","modified_gmt":"2022-03-21T21:50:26","slug":"pantalon-ter-b","status":"publish","type":"product","link":"https:\/\/eneandeco.com\/en\/product\/pantalon-ter-b\/","title":{"rendered":"PANTALON TER B"},"content":{"rendered":"","protected":false},"excerpt":{"rendered":"<p>Pantal\u00f3n corto vegan de cintura el\u00e1stica ajustable con tejido de sudadera 50% algod\u00f3n org\u00e1nico 50% algod\u00f3n reciclado con bolsillos laterales y logo \u00abEcoalf\u00bb en bolsillo izquierdo.<\/p>\n<p>&nbsp;<\/p>\n<p><em>If you&#039;d like personalized advice, we invite you to stop by our store or contact us via WhatsApp at 622 93 76 20.\u00a0<\/em><\/p>","protected":false},"featured_media":5988,"template":"","meta":{"spay_email":""},"product_cat":[208,222,268,166],"product_tag":[359,211,162,312,367],"_links":{"self":[{"href":"https:\/\/eneandeco.com\/en\/wp-json\/wp\/v2\/product\/5987"}],"collection":[{"href":"https:\/\/eneandeco.com\/en\/wp-json\/wp\/v2\/product"}],"about":[{"href":"https:\/\/eneandeco.com\/en\/wp-json\/wp\/v2\/types\/product"}],"wp:featuredmedia":[{"embeddable":true,"href":"https:\/\/eneandeco.com\/en\/wp-json\/wp\/v2\/media\/5988"}],"wp:attachment":[{"href":"https:\/\/eneandeco.com\/en\/wp-json\/wp\/v2\/media?parent=5987"}],"wp:term":[{"taxonomy":"product_cat","embeddable":true,"href":"https:\/\/eneandeco.com\/en\/wp-json\/wp\/v2\/product_cat?post=5987"},{"taxonomy":"product_tag","embeddable":true,"href":"https:\/\/eneandeco.com\/en\/wp-json\/wp\/v2\/product_tag?post=5987"}],"curies":[{"name":"wp","href":"https:\/\/api.w.org\/{rel}","templated":true}]}}