{"id":6079,"date":"2022-03-18T18:32:08","date_gmt":"2022-03-18T16:32:08","guid":{"rendered":"https:\/\/eneandeco.com\/?post_type=product&#038;p=6079"},"modified":"2022-03-21T23:41:08","modified_gmt":"2022-03-21T21:41:08","slug":"short-maranta-b","status":"publish","type":"product","link":"https:\/\/eneandeco.com\/en\/product\/short-maranta-b\/","title":{"rendered":"SHORT MARANTA B"},"content":{"rendered":"","protected":false},"excerpt":{"rendered":"<p>Pantal\u00f3n corto vegan de mujer ajustados por un cord\u00f3n en su cintura el\u00e1stica lleva bolsillo en parte trasera y delantera con tejido 95% TENCEL\u2122 Modal 5% Poli\u00e9ster, contiene tejidos bluesign\u00ae APPROVED.<\/p>\n<p>&nbsp;<\/p>\n<p><em>If you&#039;d like personalized advice, we invite you to stop by our store or contact us via WhatsApp at 622 93 76 20.\u00a0<\/em><\/p>","protected":false},"featured_media":6080,"template":"","meta":{"spay_email":""},"product_cat":[208,222,158,268,166],"product_tag":[298,162,312,358,367],"_links":{"self":[{"href":"https:\/\/eneandeco.com\/en\/wp-json\/wp\/v2\/product\/6079"}],"collection":[{"href":"https:\/\/eneandeco.com\/en\/wp-json\/wp\/v2\/product"}],"about":[{"href":"https:\/\/eneandeco.com\/en\/wp-json\/wp\/v2\/types\/product"}],"wp:featuredmedia":[{"embeddable":true,"href":"https:\/\/eneandeco.com\/en\/wp-json\/wp\/v2\/media\/6080"}],"wp:attachment":[{"href":"https:\/\/eneandeco.com\/en\/wp-json\/wp\/v2\/media?parent=6079"}],"wp:term":[{"taxonomy":"product_cat","embeddable":true,"href":"https:\/\/eneandeco.com\/en\/wp-json\/wp\/v2\/product_cat?post=6079"},{"taxonomy":"product_tag","embeddable":true,"href":"https:\/\/eneandeco.com\/en\/wp-json\/wp\/v2\/product_tag?post=6079"}],"curies":[{"name":"wp","href":"https:\/\/api.w.org\/{rel}","templated":true}]}}