{"id":6182,"date":"2022-03-19T20:39:36","date_gmt":"2022-03-19T18:39:36","guid":{"rendered":"https:\/\/eneandeco.com\/?post_type=product&#038;p=6182"},"modified":"2022-03-21T23:36:06","modified_gmt":"2022-03-21T21:36:06","slug":"top-estampado-linea","status":"publish","type":"product","link":"https:\/\/eneandeco.com\/en\/product\/top-estampado-linea\/","title":{"rendered":"TOP ESTAMPADO LINEA"},"content":{"rendered":"","protected":false},"excerpt":{"rendered":"<p>Top con cierre abotonado de manga corta con escote de pico y tejido lineal el\u00e1stico en la terminaci\u00f3n de las mangas y la cintura acompa\u00f1ado por lazo.<\/p>\n<p>&nbsp;<\/p>\n<p><em>If you&#039;d like personalized advice, we invite you to stop by our store or contact us via WhatsApp at 622 93 76 20.\u00a0<\/em><\/p>","protected":false},"featured_media":6177,"template":"","meta":{"spay_email":""},"product_cat":[248,167,241,222,268,166],"product_tag":[312,186,305],"_links":{"self":[{"href":"https:\/\/eneandeco.com\/en\/wp-json\/wp\/v2\/product\/6182"}],"collection":[{"href":"https:\/\/eneandeco.com\/en\/wp-json\/wp\/v2\/product"}],"about":[{"href":"https:\/\/eneandeco.com\/en\/wp-json\/wp\/v2\/types\/product"}],"wp:featuredmedia":[{"embeddable":true,"href":"https:\/\/eneandeco.com\/en\/wp-json\/wp\/v2\/media\/6177"}],"wp:attachment":[{"href":"https:\/\/eneandeco.com\/en\/wp-json\/wp\/v2\/media?parent=6182"}],"wp:term":[{"taxonomy":"product_cat","embeddable":true,"href":"https:\/\/eneandeco.com\/en\/wp-json\/wp\/v2\/product_cat?post=6182"},{"taxonomy":"product_tag","embeddable":true,"href":"https:\/\/eneandeco.com\/en\/wp-json\/wp\/v2\/product_tag?post=6182"}],"curies":[{"name":"wp","href":"https:\/\/api.w.org\/{rel}","templated":true}]}}