{"id":6187,"date":"2022-03-19T20:47:15","date_gmt":"2022-03-19T18:47:15","guid":{"rendered":"https:\/\/eneandeco.com\/?post_type=product&#038;p=6187"},"modified":"2022-03-23T19:06:49","modified_gmt":"2022-03-23T17:06:49","slug":"pantalon-estampado-linea","status":"publish","type":"product","link":"https:\/\/eneandeco.com\/en\/product\/pantalon-estampado-linea\/","title":{"rendered":"PRINTED LINE PANTS"},"content":{"rendered":"","protected":false},"excerpt":{"rendered":"<p>Pantal\u00f3n fluido tobillero estampado con cinturilla el\u00e1stica y y tejido el\u00e1stico lineal en laterales y final.<\/p>\n<p>&nbsp;<\/p>\n<p><em>If you&#039;d like personalized advice, we invite you to stop by our store or contact us via WhatsApp at 622 93 76 20.\u00a0<\/em><\/p>","protected":false},"featured_media":6188,"template":"","meta":{"spay_email":""},"product_cat":[241,222,158,268,166],"product_tag":[212,312,186,305,329],"_links":{"self":[{"href":"https:\/\/eneandeco.com\/en\/wp-json\/wp\/v2\/product\/6187"}],"collection":[{"href":"https:\/\/eneandeco.com\/en\/wp-json\/wp\/v2\/product"}],"about":[{"href":"https:\/\/eneandeco.com\/en\/wp-json\/wp\/v2\/types\/product"}],"wp:featuredmedia":[{"embeddable":true,"href":"https:\/\/eneandeco.com\/en\/wp-json\/wp\/v2\/media\/6188"}],"wp:attachment":[{"href":"https:\/\/eneandeco.com\/en\/wp-json\/wp\/v2\/media?parent=6187"}],"wp:term":[{"taxonomy":"product_cat","embeddable":true,"href":"https:\/\/eneandeco.com\/en\/wp-json\/wp\/v2\/product_cat?post=6187"},{"taxonomy":"product_tag","embeddable":true,"href":"https:\/\/eneandeco.com\/en\/wp-json\/wp\/v2\/product_tag?post=6187"}],"curies":[{"name":"wp","href":"https:\/\/api.w.org\/{rel}","templated":true}]}}