{"id":6259,"date":"2022-03-23T20:32:21","date_gmt":"2022-03-23T18:32:21","guid":{"rendered":"https:\/\/eneandeco.com\/?post_type=product&#038;p=6259"},"modified":"2022-03-23T20:32:22","modified_gmt":"2022-03-23T18:32:22","slug":"vestido-circus-morado","status":"publish","type":"product","link":"https:\/\/eneandeco.com\/en\/product\/vestido-circus-morado\/","title":{"rendered":"VESTIDO CIRCUS MORADO"},"content":{"rendered":"","protected":false},"excerpt":{"rendered":"<p>Vestido asim\u00e9trico de corte midi con tejido tafet\u00e1n de color morado de escote cruzado en pico y faj\u00edn del mismo tejido morado<\/p>","protected":false},"featured_media":6260,"template":"","meta":{"spay_email":""},"product_cat":[167,214,222,268,166,157],"product_tag":[270,312,390,381,396,294,397,385,398,400,399],"_links":{"self":[{"href":"https:\/\/eneandeco.com\/en\/wp-json\/wp\/v2\/product\/6259"}],"collection":[{"href":"https:\/\/eneandeco.com\/en\/wp-json\/wp\/v2\/product"}],"about":[{"href":"https:\/\/eneandeco.com\/en\/wp-json\/wp\/v2\/types\/product"}],"wp:featuredmedia":[{"embeddable":true,"href":"https:\/\/eneandeco.com\/en\/wp-json\/wp\/v2\/media\/6260"}],"wp:attachment":[{"href":"https:\/\/eneandeco.com\/en\/wp-json\/wp\/v2\/media?parent=6259"}],"wp:term":[{"taxonomy":"product_cat","embeddable":true,"href":"https:\/\/eneandeco.com\/en\/wp-json\/wp\/v2\/product_cat?post=6259"},{"taxonomy":"product_tag","embeddable":true,"href":"https:\/\/eneandeco.com\/en\/wp-json\/wp\/v2\/product_tag?post=6259"}],"curies":[{"name":"wp","href":"https:\/\/api.w.org\/{rel}","templated":true}]}}