{"id":6321,"date":"2022-03-26T19:19:33","date_gmt":"2022-03-26T17:19:33","guid":{"rendered":"https:\/\/eneandeco.com\/?post_type=product&#038;p=6321"},"modified":"2022-03-26T19:19:33","modified_gmt":"2022-03-26T17:19:33","slug":"vestido-tallin-asimetrico","status":"publish","type":"product","link":"https:\/\/eneandeco.com\/en\/product\/vestido-tallin-asimetrico\/","title":{"rendered":"ASYMMETRIC TALLINN DRESS"},"content":{"rendered":"","protected":false},"excerpt":{"rendered":"<p>Vestido largo asim\u00e9trico con corte cruzado m\u00e1s largo en su parte trasera con manga corta y escote de pico 78% Modal 28% Poli\u00e9ster<\/p>","protected":false},"featured_media":6322,"template":"","meta":{"spay_email":""},"product_cat":[247,222,268,166,157],"product_tag":[416,270,312,390,418,417],"_links":{"self":[{"href":"https:\/\/eneandeco.com\/en\/wp-json\/wp\/v2\/product\/6321"}],"collection":[{"href":"https:\/\/eneandeco.com\/en\/wp-json\/wp\/v2\/product"}],"about":[{"href":"https:\/\/eneandeco.com\/en\/wp-json\/wp\/v2\/types\/product"}],"wp:featuredmedia":[{"embeddable":true,"href":"https:\/\/eneandeco.com\/en\/wp-json\/wp\/v2\/media\/6322"}],"wp:attachment":[{"href":"https:\/\/eneandeco.com\/en\/wp-json\/wp\/v2\/media?parent=6321"}],"wp:term":[{"taxonomy":"product_cat","embeddable":true,"href":"https:\/\/eneandeco.com\/en\/wp-json\/wp\/v2\/product_cat?post=6321"},{"taxonomy":"product_tag","embeddable":true,"href":"https:\/\/eneandeco.com\/en\/wp-json\/wp\/v2\/product_tag?post=6321"}],"curies":[{"name":"wp","href":"https:\/\/api.w.org\/{rel}","templated":true}]}}