{"id":6350,"date":"2022-03-28T18:37:24","date_gmt":"2022-03-28T16:37:24","guid":{"rendered":"https:\/\/eneandeco.com\/?post_type=product&#038;p=6350"},"modified":"2022-03-28T18:39:07","modified_gmt":"2022-03-28T16:39:07","slug":"vestido-berlin-beige","status":"publish","type":"product","link":"https:\/\/eneandeco.com\/en\/product\/vestido-berlin-beige\/","title":{"rendered":"BERLIN BEIGE DRESS"},"content":{"rendered":"","protected":false},"excerpt":{"rendered":"<p>Vestido beige con corte por la rodilla sin manga de cuello a la caja anudado detr\u00e1s con lazo negro al igual que sus detalles en los lados 93% Ray\u00f3n 7% Poli\u00e9ster<\/p>","protected":false},"featured_media":6351,"template":"","meta":{"spay_email":""},"product_cat":[247,222,268,166],"product_tag":[416,312,396,421,420],"_links":{"self":[{"href":"https:\/\/eneandeco.com\/en\/wp-json\/wp\/v2\/product\/6350"}],"collection":[{"href":"https:\/\/eneandeco.com\/en\/wp-json\/wp\/v2\/product"}],"about":[{"href":"https:\/\/eneandeco.com\/en\/wp-json\/wp\/v2\/types\/product"}],"wp:featuredmedia":[{"embeddable":true,"href":"https:\/\/eneandeco.com\/en\/wp-json\/wp\/v2\/media\/6351"}],"wp:attachment":[{"href":"https:\/\/eneandeco.com\/en\/wp-json\/wp\/v2\/media?parent=6350"}],"wp:term":[{"taxonomy":"product_cat","embeddable":true,"href":"https:\/\/eneandeco.com\/en\/wp-json\/wp\/v2\/product_cat?post=6350"},{"taxonomy":"product_tag","embeddable":true,"href":"https:\/\/eneandeco.com\/en\/wp-json\/wp\/v2\/product_tag?post=6350"}],"curies":[{"name":"wp","href":"https:\/\/api.w.org\/{rel}","templated":true}]}}