{"id":6357,"date":"2022-03-28T18:51:58","date_gmt":"2022-03-28T16:51:58","guid":{"rendered":"https:\/\/eneandeco.com\/?post_type=product&#038;p=6357"},"modified":"2022-03-28T18:51:59","modified_gmt":"2022-03-28T16:51:59","slug":"vestido-bogota","status":"publish","type":"product","link":"https:\/\/eneandeco.com\/en\/product\/vestido-bogota\/","title":{"rendered":"BOGOTA DRESS"},"content":{"rendered":"","protected":false},"excerpt":{"rendered":"<p>Vestido fluido de corte midi con manga corta y cuello de pico. Su composici\u00f3n es 93% Ray\u00f3n 7% Poli\u00e9ster<\/p>","protected":false},"featured_media":6358,"template":"","meta":{"spay_email":""},"product_cat":[247,222,268,166,157],"product_tag":[416,354,350,270,312,390,396,417,385],"_links":{"self":[{"href":"https:\/\/eneandeco.com\/en\/wp-json\/wp\/v2\/product\/6357"}],"collection":[{"href":"https:\/\/eneandeco.com\/en\/wp-json\/wp\/v2\/product"}],"about":[{"href":"https:\/\/eneandeco.com\/en\/wp-json\/wp\/v2\/types\/product"}],"wp:featuredmedia":[{"embeddable":true,"href":"https:\/\/eneandeco.com\/en\/wp-json\/wp\/v2\/media\/6358"}],"wp:attachment":[{"href":"https:\/\/eneandeco.com\/en\/wp-json\/wp\/v2\/media?parent=6357"}],"wp:term":[{"taxonomy":"product_cat","embeddable":true,"href":"https:\/\/eneandeco.com\/en\/wp-json\/wp\/v2\/product_cat?post=6357"},{"taxonomy":"product_tag","embeddable":true,"href":"https:\/\/eneandeco.com\/en\/wp-json\/wp\/v2\/product_tag?post=6357"}],"curies":[{"name":"wp","href":"https:\/\/api.w.org\/{rel}","templated":true}]}}