{"id":6408,"date":"2022-03-29T20:24:44","date_gmt":"2022-03-29T18:24:44","guid":{"rendered":"https:\/\/eneandeco.com\/?post_type=product&#038;p=6408"},"modified":"2022-03-29T20:24:44","modified_gmt":"2022-03-29T18:24:44","slug":"vaquero-blue-calado","status":"publish","type":"product","link":"https:\/\/eneandeco.com\/en\/product\/vaquero-blue-calado\/","title":{"rendered":"VAQUERO BLUE CALADO"},"content":{"rendered":"","protected":false},"excerpt":{"rendered":"<p>Pantal\u00f3n pirata vaquero el\u00e1stico de color azul claro con cierre de bot\u00f3n y cremallera. cinco bolsillos y franja calada con flores y cristal<\/p>","protected":false},"featured_media":6409,"template":"","meta":{"spay_email":""},"product_cat":[241,268,315,166],"product_tag":[270,312,305],"_links":{"self":[{"href":"https:\/\/eneandeco.com\/en\/wp-json\/wp\/v2\/product\/6408"}],"collection":[{"href":"https:\/\/eneandeco.com\/en\/wp-json\/wp\/v2\/product"}],"about":[{"href":"https:\/\/eneandeco.com\/en\/wp-json\/wp\/v2\/types\/product"}],"wp:featuredmedia":[{"embeddable":true,"href":"https:\/\/eneandeco.com\/en\/wp-json\/wp\/v2\/media\/6409"}],"wp:attachment":[{"href":"https:\/\/eneandeco.com\/en\/wp-json\/wp\/v2\/media?parent=6408"}],"wp:term":[{"taxonomy":"product_cat","embeddable":true,"href":"https:\/\/eneandeco.com\/en\/wp-json\/wp\/v2\/product_cat?post=6408"},{"taxonomy":"product_tag","embeddable":true,"href":"https:\/\/eneandeco.com\/en\/wp-json\/wp\/v2\/product_tag?post=6408"}],"curies":[{"name":"wp","href":"https:\/\/api.w.org\/{rel}","templated":true}]}}